{"id":24842,"date":"2021-05-09T22:25:57","date_gmt":"2021-05-09T22:25:57","guid":{"rendered":"http:\/\/vicavitoria.com.br\/?page_id=24842"},"modified":"2023-07-21T15:02:04","modified_gmt":"2023-07-21T18:02:04","slug":"cart","status":"publish","type":"page","link":"http:\/\/vicavitoria.com.br\/?page_id=24842","title":{"rendered":"Carrinho"},"content":{"rendered":"\t\t<div data-elementor-type=\"wp-page\" data-elementor-id=\"24842\" class=\"elementor elementor-24842\">\n\t\t\t\t\t\t\t\t\t<section class=\"elementor-section elementor-top-section elementor-element elementor-element-5fa11e87 elementor-section-boxed elementor-section-height-default elementor-section-height-default\" data-id=\"5fa11e87\" data-element_type=\"section\">\n\t\t\t\t\t\t<div class=\"elementor-container elementor-column-gap-default\">\n\t\t\t\t\t<div class=\"elementor-column elementor-col-100 elementor-top-column elementor-element elementor-element-1c16075c\" data-id=\"1c16075c\" data-element_type=\"column\">\n\t\t\t<div class=\"elementor-widget-wrap elementor-element-populated\">\n\t\t\t\t\t\t\t\t<div class=\"elementor-element elementor-element-6a54dbd4 elementor-widget elementor-widget-text-editor\" data-id=\"6a54dbd4\" data-element_type=\"widget\" data-widget_type=\"text-editor.default\">\n\t\t\t\t<div class=\"elementor-widget-container\">\n\t\t\t\t\t\t\t<!-- wp:shortcode -->\n<div class=\"woocommerce\"><div class=\"woocommerce-notices-wrapper\"><\/div><p class=\"cart-empty woocommerce-info\">Seu carrinho est\u00e1 vazio.<\/p>\t<p class=\"return-to-shop\">\n\t\t<a class=\"button wc-backward wp-element-button\" href=\"http:\/\/vicavitoria.com.br\/?page_id=24841\">\n\t\t\tRetornar para a loja\t\t<\/a>\n\t<\/p>\n<\/div>\n<!-- \/wp:shortcode -->\t\t\t\t\t\t<\/div>\n\t\t\t\t<\/div>\n\t\t\t\t\t<\/div>\n\t\t<\/div>\n\t\t\t\t\t\t\t<\/div>\n\t\t<\/section>\n\t\t\t\t<section class=\"elementor-section elementor-top-section elementor-element elementor-element-6aa5ba0 elementor-section-boxed elementor-section-height-default elementor-section-height-default\" data-id=\"6aa5ba0\" data-element_type=\"section\">\n\t\t\t\t\t\t<div class=\"elementor-container elementor-column-gap-default\">\n\t\t\t\t\t<div class=\"elementor-column elementor-col-100 elementor-top-column elementor-element elementor-element-b00c8b3\" data-id=\"b00c8b3\" data-element_type=\"column\">\n\t\t\t<div class=\"elementor-widget-wrap elementor-element-populated\">\n\t\t\t\t\t\t\t\t<section class=\"elementor-section elementor-inner-section elementor-element elementor-element-f8094bb elementor-section-boxed elementor-section-height-default elementor-section-height-default\" data-id=\"f8094bb\" data-element_type=\"section\">\n\t\t\t\t\t\t<div class=\"elementor-container elementor-column-gap-default\">\n\t\t\t\t\t<div class=\"elementor-column elementor-col-50 elementor-inner-column elementor-element elementor-element-8a4fdbc\" data-id=\"8a4fdbc\" data-element_type=\"column\">\n\t\t\t<div class=\"elementor-widget-wrap elementor-element-populated\">\n\t\t\t\t\t\t\t\t<div class=\"elementor-element elementor-element-806912a elementor-widget elementor-widget-text-editor\" data-id=\"806912a\" data-element_type=\"widget\" data-widget_type=\"text-editor.default\">\n\t\t\t\t<div class=\"elementor-widget-container\">\n\t\t\t\t\t\t\t<p>*ATEN\u00c7\u00c3O*<\/p><p><br>O modo REGISTRO M\u00d3DICO N\u00c3O acompanha os brindes <i>COLARES e PINGENTES.&nbsp;<\/i><\/p><p><span style=\"font-style: inherit; font-weight: inherit;\">Esta forma de entrega \u00e9 exclusiva para LIVROS.<\/span><\/p>\t\t\t\t\t\t<\/div>\n\t\t\t\t<\/div>\n\t\t\t\t\t<\/div>\n\t\t<\/div>\n\t\t\t\t<div class=\"elementor-column elementor-col-50 elementor-inner-column elementor-element elementor-element-c3a259c\" data-id=\"c3a259c\" data-element_type=\"column\">\n\t\t\t<div class=\"elementor-widget-wrap\">\n\t\t\t\t\t\t\t\t\t<\/div>\n\t\t<\/div>\n\t\t\t\t\t\t\t<\/div>\n\t\t<\/section>\n\t\t\t\t\t<\/div>\n\t\t<\/div>\n\t\t\t\t\t\t\t<\/div>\n\t\t<\/section>\n\t\t\t\t\t\t\t<\/div>\n\t\t","protected":false},"excerpt":{"rendered":"<p>*ATEN\u00c7\u00c3O* O modo REGISTRO M\u00d3DICO N\u00c3O acompanha os brindes COLARES e PINGENTES.&nbsp; Esta forma de entrega \u00e9 exclusiva para LIVROS.<\/p>\n","protected":false},"author":1,"featured_media":0,"parent":0,"menu_order":0,"comment_status":"closed","ping_status":"closed","template":"","meta":{"om_disable_all_campaigns":false,"_mi_skip_tracking":false},"aioseo_notices":[],"_links":{"self":[{"href":"http:\/\/vicavitoria.com.br\/index.php?rest_route=\/wp\/v2\/pages\/24842"}],"collection":[{"href":"http:\/\/vicavitoria.com.br\/index.php?rest_route=\/wp\/v2\/pages"}],"about":[{"href":"http:\/\/vicavitoria.com.br\/index.php?rest_route=\/wp\/v2\/types\/page"}],"author":[{"embeddable":true,"href":"http:\/\/vicavitoria.com.br\/index.php?rest_route=\/wp\/v2\/users\/1"}],"replies":[{"embeddable":true,"href":"http:\/\/vicavitoria.com.br\/index.php?rest_route=%2Fwp%2Fv2%2Fcomments&post=24842"}],"version-history":[{"count":7,"href":"http:\/\/vicavitoria.com.br\/index.php?rest_route=\/wp\/v2\/pages\/24842\/revisions"}],"predecessor-version":[{"id":25854,"href":"http:\/\/vicavitoria.com.br\/index.php?rest_route=\/wp\/v2\/pages\/24842\/revisions\/25854"}],"wp:attachment":[{"href":"http:\/\/vicavitoria.com.br\/index.php?rest_route=%2Fwp%2Fv2%2Fmedia&parent=24842"}],"curies":[{"name":"wp","href":"https:\/\/api.w.org\/{rel}","templated":true}]}}