{"id":25814,"date":"2023-07-08T14:12:05","date_gmt":"2023-07-08T17:12:05","guid":{"rendered":"http:\/\/vicavitoria.com.br\/?post_type=product&#038;p=25814"},"modified":"2026-04-01T10:13:40","modified_gmt":"2026-04-01T13:13:40","slug":"destino-de-jade-ed-comum-3","status":"publish","type":"product","link":"http:\/\/vicavitoria.com.br\/?product=destino-de-jade-ed-comum-3","title":{"rendered":"Destino de Jade #3 (comum)"},"content":{"rendered":"<p>*ATEN\u00c7\u00c3O, ADICIONE O NOME QUE RECEBER\u00c1 A DEDICAT\u00d3RIA NA NOTA PEDIDO*<\/p>\n<p>Sinopse:<\/p>\n<p>Os \u00faltimos dias t\u00eam sido conturbados para Jade. Uma guerra est\u00e1 estourando nos muros do seu castelo, e para piorar, ela tem escutado a voz de uma mulher muito mais antiga do que a cria\u00e7\u00e3o de Magnus lhe contando coisas que ela n\u00e3o gostaria de saber.<br \/>\nA garota j\u00e1 viu muita coisa com seus olhos e j\u00e1 sentiu v\u00e1rias outras com o seu cora\u00e7\u00e3o, mas \u00e9 chegada a hora de enfrentar o seu destino e a maldi\u00e7\u00e3o para a qual foi escolhida que finalmente est\u00e1 se concretizando.<br \/>\nEm o Destino de Jade voc\u00ea conhecer\u00e1 o desfecho desta trilogia de sucesso, com personagens dos quais sentimos saudades e mist\u00e9rios surpreendentes, ser\u00e1 que voc\u00ea est\u00e1 preparado para o fim<\/p>\n<p>&nbsp;<\/p>\n","protected":false},"excerpt":{"rendered":"<p style=\"text-align: left;\">*ATEN\u00c7\u00c3O, ESPECIFICAR O NOME DO RECEBEDOR DA DEDICAT\u00d3RIA NOS DETALHES DO FATURAMENTO EM NOTAS*<\/p>\n<p>* Livro Destino de Jade autografado pela autora<\/p>\n<p><span style=\"font-size: 16px;\">Sinopse:<\/span><\/p>\n<p>Os \u00faltimos dias t\u00eam sido conturbados para Jade. Uma guerra est\u00e1 estourando nos muros do seu castelo, e para piorar, ela tem escutado a voz de uma mulher muito mais antiga do que a cria\u00e7\u00e3o de Magnus lhe contando coisas que ela n\u00e3o gostaria de saber.<br \/>\nA garota j\u00e1 viu muita coisa com seus olhos e j\u00e1 sentiu v\u00e1rias outras com o seu cora\u00e7\u00e3o, mas \u00e9 chegada a hora de enfrentar o seu destino e a maldi\u00e7\u00e3o para a qual foi escolhida que finalmente est\u00e1 se concretizando.<br \/>\nEm o Destino de Jade voc\u00ea conhecer\u00e1 o desfecho desta trilogia de sucesso, com personagens dos quais sentimos saudades e mist\u00e9rios surpreendentes, ser\u00e1 que voc\u00ea est\u00e1 preparado para o fim<\/p>\n","protected":false},"featured_media":26034,"comment_status":"open","ping_status":"closed","template":"","meta":{"om_disable_all_campaigns":false,"_mi_skip_tracking":false},"product_cat":[18],"product_tag":[29,24,21,23,22,25,19,27,26,31,30,20,28],"aioseo_notices":[],"_links":{"self":[{"href":"http:\/\/vicavitoria.com.br\/index.php?rest_route=\/wp\/v2\/product\/25814"}],"collection":[{"href":"http:\/\/vicavitoria.com.br\/index.php?rest_route=\/wp\/v2\/product"}],"about":[{"href":"http:\/\/vicavitoria.com.br\/index.php?rest_route=\/wp\/v2\/types\/product"}],"replies":[{"embeddable":true,"href":"http:\/\/vicavitoria.com.br\/index.php?rest_route=%2Fwp%2Fv2%2Fcomments&post=25814"}],"wp:featuredmedia":[{"embeddable":true,"href":"http:\/\/vicavitoria.com.br\/index.php?rest_route=\/wp\/v2\/media\/26034"}],"wp:attachment":[{"href":"http:\/\/vicavitoria.com.br\/index.php?rest_route=%2Fwp%2Fv2%2Fmedia&parent=25814"}],"wp:term":[{"taxonomy":"product_cat","embeddable":true,"href":"http:\/\/vicavitoria.com.br\/index.php?rest_route=%2Fwp%2Fv2%2Fproduct_cat&post=25814"},{"taxonomy":"product_tag","embeddable":true,"href":"http:\/\/vicavitoria.com.br\/index.php?rest_route=%2Fwp%2Fv2%2Fproduct_tag&post=25814"}],"curies":[{"name":"wp","href":"https:\/\/api.w.org\/{rel}","templated":true}]}}