{"id":26025,"date":"2024-04-30T23:58:28","date_gmt":"2024-05-01T02:58:28","guid":{"rendered":"http:\/\/vicavitoria.com.br\/?post_type=product&#038;p=26025"},"modified":"2025-04-01T05:54:37","modified_gmt":"2025-04-01T08:54:37","slug":"coracao-de-jade-2-autografado-comum","status":"publish","type":"product","link":"http:\/\/vicavitoria.com.br\/?product=coracao-de-jade-2-autografado-comum","title":{"rendered":"Cora\u00e7\u00e3o de Jade #2 (comum)"},"content":{"rendered":"<p>*ATEN\u00c7\u00c3O, ESPECIFICAR O NOME DO RECEBEDOR DA DEDICAT\u00d3RIA NOS DETALHES DO FATURAMENTO EM NOTAS*<\/p>\n<p>Na compra desse livro, ganhe uma dedicat\u00f3ria especial com seu nome.<\/p>\n<p>Um ano ap\u00f3s ter retornado para Magnus, Jade percebe que se adaptar \u00e0 vida de princesa n\u00e3o ser\u00e1 f\u00e1cil. Depois de uma grande briga, ela foge decidida a explorar seu mundo e descobre uma rede de mentiras que lhe foram contadas.<\/p>\n<p>A maldi\u00e7\u00e3o que a assombra \u00e9 muito maior do que ser tornar uma guerreira.<\/p>\n<p>Em busca de liberdade e lutando pelo acredita, Jade ir\u00e1 criar muitos inimigos enquanto tenta guardar todas as ang\u00fastias em seu cora\u00e7\u00e3o.<\/p>\n","protected":false},"excerpt":{"rendered":"<p>*ATEN\u00c7\u00c3O, ESPECIFICAR O NOME DO RECEBEDOR DA DEDICAT\u00d3RIA NOS DETALHES DO FATURAMENTO EM NOTAS* Na compra desse livro, ganhe uma dedicat\u00f3ria especial com seu nome. Um ano ap\u00f3s ter retornado para Magnus, Jade percebe que se adaptar \u00e0 vida de princesa n\u00e3o ser\u00e1 f\u00e1cil. Depois de uma grande briga, ela foge decidida a explorar seu &hellip;<\/p>\n<p class=\"read-more\"> <a class=\"\" href=\"http:\/\/vicavitoria.com.br\/?product=coracao-de-jade-2-autografado-comum\"> <span class=\"screen-reader-text\">Cora\u00e7\u00e3o de Jade #2 (comum)<\/span> Leia mais &raquo;<\/a><\/p>\n","protected":false},"featured_media":26033,"comment_status":"open","ping_status":"closed","template":"","meta":{"om_disable_all_campaigns":false,"_mi_skip_tracking":false},"product_cat":[18],"product_tag":[32,37,21,35,38,34,31,20],"aioseo_notices":[],"_links":{"self":[{"href":"http:\/\/vicavitoria.com.br\/index.php?rest_route=\/wp\/v2\/product\/26025"}],"collection":[{"href":"http:\/\/vicavitoria.com.br\/index.php?rest_route=\/wp\/v2\/product"}],"about":[{"href":"http:\/\/vicavitoria.com.br\/index.php?rest_route=\/wp\/v2\/types\/product"}],"replies":[{"embeddable":true,"href":"http:\/\/vicavitoria.com.br\/index.php?rest_route=%2Fwp%2Fv2%2Fcomments&post=26025"}],"wp:featuredmedia":[{"embeddable":true,"href":"http:\/\/vicavitoria.com.br\/index.php?rest_route=\/wp\/v2\/media\/26033"}],"wp:attachment":[{"href":"http:\/\/vicavitoria.com.br\/index.php?rest_route=%2Fwp%2Fv2%2Fmedia&parent=26025"}],"wp:term":[{"taxonomy":"product_cat","embeddable":true,"href":"http:\/\/vicavitoria.com.br\/index.php?rest_route=%2Fwp%2Fv2%2Fproduct_cat&post=26025"},{"taxonomy":"product_tag","embeddable":true,"href":"http:\/\/vicavitoria.com.br\/index.php?rest_route=%2Fwp%2Fv2%2Fproduct_tag&post=26025"}],"curies":[{"name":"wp","href":"https:\/\/api.w.org\/{rel}","templated":true}]}}