{"id":26027,"date":"2024-05-01T00:06:51","date_gmt":"2024-05-01T03:06:51","guid":{"rendered":"http:\/\/vicavitoria.com.br\/?post_type=product&#038;p=26027"},"modified":"2026-04-01T10:09:10","modified_gmt":"2026-04-01T13:09:10","slug":"olhos-de-jade-1-comum","status":"publish","type":"product","link":"http:\/\/vicavitoria.com.br\/?product=olhos-de-jade-1-comum","title":{"rendered":"Olhos de Jade #1 (comum)"},"content":{"rendered":"<p>*ATEN\u00c7\u00c3O, ESPECIFICAR O NOME DO RECEBEDOR DA DEDICAT\u00d3RIA NOS DETALHES DO FATURAMENTO EM NOTAS*<\/p>\n<p>Receba o livro com uma dedicat\u00f3ria especial em seu nome.<\/p>\n<p>Sinopse:<\/p>\n<p>O tio de Jade morre e lhe deixa um livro que esclarecer muitas das suas d\u00favidas, mas ao dissolver, ele as multiplica.<\/p>\n<p>Na tentativa de lidar com o conhecimento que agora tem, ela se isola sem, contudo, conseguir ignorar como coisas estranhas que acontecem na casa de seus novos tutores. Convivendo com vampiros, lobisomens, bruxas, sereias, fadas e zumbis de uma maneira como nunca imaginou Jade tamb\u00e9m descobrir\u00e1 a sua pr\u00f3pria identidade e fornecer contar com a ajuda do \u00fanico filho de seus tutores para lidar com sua maldi\u00e7\u00e3o<\/p>\n<p>Se voc\u00ea descobriu que n\u00e3o \u00e9 sua primeira vez na terra, que caminho resolveria seguir?<\/p>\n","protected":false},"excerpt":{"rendered":"<p style=\"text-align: left;\">*ATEN\u00c7\u00c3O, ESPECIFICAR O NOME DO RECEBEDOR DA DEDICAT\u00d3RIA NOS DETALHES DO FATURAMENTO EM NOTAS*<\/p>\n<p>* Livro Olhos de Jade autografado pela autora<\/p>\n<p>Sinopse:<\/p>\n<p><span style=\"vertical-align: inherit;\"><span style=\"vertical-align: inherit;\"><span style=\"vertical-align: inherit;\"><span style=\"vertical-align: inherit;\"><span style=\"vertical-align: inherit;\"><span style=\"vertical-align: inherit;\"><span style=\"vertical-align: inherit;\"><span style=\"vertical-align: inherit;\"><span style=\"vertical-align: inherit;\"><span style=\"vertical-align: inherit;\"><span style=\"vertical-align: inherit;\"><span style=\"vertical-align: inherit;\">O tio de Jade morre e lhe deixa um livro que esclarecer muitas das suas d\u00favidas, mas ao dissolver, ele as multiplica.<\/span><\/span><\/span><\/span><\/span><\/span><\/span><\/span><\/span><\/span><\/span><\/span><\/p>\n<p><span style=\"vertical-align: inherit;\"><span style=\"vertical-align: inherit;\"><span style=\"vertical-align: inherit;\"><span style=\"vertical-align: inherit;\"><span style=\"vertical-align: inherit;\"><span style=\"vertical-align: inherit;\"><span style=\"vertical-align: inherit;\"><span style=\"vertical-align: inherit;\"><span style=\"vertical-align: inherit;\"><span style=\"vertical-align: inherit;\"><span style=\"vertical-align: inherit;\"><span style=\"vertical-align: inherit;\">Na tentativa de lidar com o conhecimento que agora tem, ela se isola sem, contudo, conseguir ignorar como coisas estranhas que acontecem na casa de seus novos tutores. <\/span><\/span><\/span><\/span><\/span><\/span><\/span><\/span><\/span><\/span><\/span><span style=\"vertical-align: inherit;\"><span style=\"vertical-align: inherit;\"><span style=\"vertical-align: inherit;\"><span style=\"vertical-align: inherit;\"><span style=\"vertical-align: inherit;\"><span style=\"vertical-align: inherit;\"><span style=\"vertical-align: inherit;\"><span style=\"vertical-align: inherit;\"><span style=\"vertical-align: inherit;\"><span style=\"vertical-align: inherit;\"><span style=\"vertical-align: inherit;\">Convivendo com vampiros, lobisomens, bruxas, sereias, fadas e zumbis de uma maneira como nunca imaginou, Jade tamb\u00e9m descobrir\u00e1 a sua pr\u00f3pria identidade e fornecer contar com a ajuda do \u00fanico filho de seus tutores para lidar com sua maldi\u00e7\u00e3o.<\/span><\/span><\/span><\/span><\/span><\/span><\/span><\/span><\/span><\/span><\/span><\/span><\/p>\n<p><span style=\"vertical-align: inherit;\"><span style=\"vertical-align: inherit;\"><span style=\"vertical-align: inherit;\"><span style=\"vertical-align: inherit;\"><span style=\"vertical-align: inherit;\"><span style=\"vertical-align: inherit;\"><span style=\"vertical-align: inherit;\"><span style=\"vertical-align: inherit;\"><span style=\"vertical-align: inherit;\"><span style=\"vertical-align: inherit;\"><span style=\"vertical-align: inherit;\"><span style=\"vertical-align: inherit;\">Se voc\u00ea descobriu que n\u00e3o \u00e9 sua primeira vez na terra, que caminho resolveria seguir?<\/span><\/span><\/span><\/span><\/span><\/span><\/span><\/span><\/span><\/span><\/span><\/span><\/p>\n","protected":false},"featured_media":26029,"comment_status":"open","ping_status":"closed","template":"","meta":{"om_disable_all_campaigns":false,"_mi_skip_tracking":false},"product_cat":[18],"product_tag":[29,24,21,23,22,25,19,27,26,31,30,20,28],"aioseo_notices":[],"_links":{"self":[{"href":"http:\/\/vicavitoria.com.br\/index.php?rest_route=\/wp\/v2\/product\/26027"}],"collection":[{"href":"http:\/\/vicavitoria.com.br\/index.php?rest_route=\/wp\/v2\/product"}],"about":[{"href":"http:\/\/vicavitoria.com.br\/index.php?rest_route=\/wp\/v2\/types\/product"}],"replies":[{"embeddable":true,"href":"http:\/\/vicavitoria.com.br\/index.php?rest_route=%2Fwp%2Fv2%2Fcomments&post=26027"}],"wp:featuredmedia":[{"embeddable":true,"href":"http:\/\/vicavitoria.com.br\/index.php?rest_route=\/wp\/v2\/media\/26029"}],"wp:attachment":[{"href":"http:\/\/vicavitoria.com.br\/index.php?rest_route=%2Fwp%2Fv2%2Fmedia&parent=26027"}],"wp:term":[{"taxonomy":"product_cat","embeddable":true,"href":"http:\/\/vicavitoria.com.br\/index.php?rest_route=%2Fwp%2Fv2%2Fproduct_cat&post=26027"},{"taxonomy":"product_tag","embeddable":true,"href":"http:\/\/vicavitoria.com.br\/index.php?rest_route=%2Fwp%2Fv2%2Fproduct_tag&post=26027"}],"curies":[{"name":"wp","href":"https:\/\/api.w.org\/{rel}","templated":true}]}}